{"id":258,"date":"2018-01-22T10:17:40","date_gmt":"2018-01-22T14:17:40","guid":{"rendered":"http:\/\/alcaldiapunal.gob.do\/transparencia\/?page_id=258"},"modified":"2021-07-05T10:18:49","modified_gmt":"2021-07-05T14:18:49","slug":"responsable-de-acceso-a-la-informacion","status":"publish","type":"page","link":"https:\/\/ayuntamientopunal.gob.do\/transparencia\/responsable-de-acceso-a-la-informacion\/","title":{"rendered":"Responsable de Acceso a la Informaci\u00f3n"},"content":{"rendered":"<p>Lic. Melvin Manuel Pe\u00f1a egresado de la Universidad Aut\u00f3noma de Santo Domingo formado en la carrera de Merdotecnia, y Posteriormente graduado de comunicacion en la Escuela de Locucion del Cibao.<\/p>\n<p>Telefono: 849-8840807<\/p>\n<p>Correo Electronico: mpproduciones@hotmail.com<\/p>\n<p>&nbsp;<\/p>\n","protected":false},"excerpt":{"rendered":"Lic. Melvin Manuel Pe\u00f1a egresado de la Universidad Aut\u00f3noma de Santo Domingo formado en la carrera de Merdotecnia, y Posteriormente graduado de comunicacion en la Escuela de Locucion del Cibao. Telefono: 849-8840807 Correo Electronico: mpproduciones@hotmail.com &nbsp;","protected":false},"author":5,"featured_media":0,"parent":0,"menu_order":0,"comment_status":"closed","ping_status":"closed","template":"","meta":[],"acf":[],"_links":{"self":[{"href":"https:\/\/ayuntamientopunal.gob.do\/transparencia\/wp-json\/wp\/v2\/pages\/258"}],"collection":[{"href":"https:\/\/ayuntamientopunal.gob.do\/transparencia\/wp-json\/wp\/v2\/pages"}],"about":[{"href":"https:\/\/ayuntamientopunal.gob.do\/transparencia\/wp-json\/wp\/v2\/types\/page"}],"author":[{"embeddable":true,"href":"https:\/\/ayuntamientopunal.gob.do\/transparencia\/wp-json\/wp\/v2\/users\/5"}],"replies":[{"embeddable":true,"href":"https:\/\/ayuntamientopunal.gob.do\/transparencia\/wp-json\/wp\/v2\/comments?post=258"}],"version-history":[{"count":3,"href":"https:\/\/ayuntamientopunal.gob.do\/transparencia\/wp-json\/wp\/v2\/pages\/258\/revisions"}],"predecessor-version":[{"id":753,"href":"https:\/\/ayuntamientopunal.gob.do\/transparencia\/wp-json\/wp\/v2\/pages\/258\/revisions\/753"}],"wp:attachment":[{"href":"https:\/\/ayuntamientopunal.gob.do\/transparencia\/wp-json\/wp\/v2\/media?parent=258"}],"curies":[{"name":"wp","href":"https:\/\/api.w.org\/{rel}","templated":true}]}}