{"id":78,"date":"2017-12-12T11:24:21","date_gmt":"2017-12-12T15:24:21","guid":{"rendered":"http:\/\/ayuntamiento.guineo\/transparencia\/?page_id=78"},"modified":"2021-07-05T10:42:27","modified_gmt":"2021-07-05T14:42:27","slug":"definicion-oaim-oficina-de-acceso-a-la-informacion-municipal","status":"publish","type":"page","link":"https:\/\/ayuntamientopunal.gob.do\/transparencia\/definicion-oaim-oficina-de-acceso-a-la-informacion-municipal\/","title":{"rendered":"Definici\u00f3n OAIM (Oficina de Acceso a la Informaci\u00f3n Municipal)"},"content":{"rendered":"<p>La\u00a0<b>Oficina<\/b>\u00a0de\u00a0<b>Acceso a la Informaci\u00f3n<\/b>\u00a0(OAI), es un mandato de la Ley General de\u00a0<b>Libre Acceso a la Informaci\u00f3n P\u00fablica<\/b>\u00a0Ley 200-04 y el Decreto No. 130-05 que crea el reglamento de dicha ley, con el objetivo de apoyar a entidades y personas tanto\u00a0<b>p\u00fablicas<\/b>\u00a0como privadas mediante las informaciones solicitadas.<\/p>\n<p>La Oficina de Acceso a la Informaci\u00f3n (OAI), es un mandato de la Ley General de Libre Acceso a la Informaci\u00f3n P\u00fablica Ley 200-04 y el Decreto No. 130-05 que crea el reglamento de dicha ley, con el objetivo de apoyar a entidades y personas tanto p\u00fablicas como privadas mediante las informaciones solicitadas.<\/p>\n<blockquote>\n<blockquote><p><strong>Misi\u00f3n<\/strong><\/p><\/blockquote>\n<p>Desarrollar una forma de Gobernanza y de Gesti\u00f3n en la que la Alcald\u00eda Municipal de Pu\u00f1al, preste servicios calidad a sus\u00a0 mun\u00edcipes, comprometi\u00e9ndose a tener opiniones,\u00a0liderando en todo momento el municipio y lograr una mejor integraci\u00f3n de los grupos comunitarios sin fines de lucro.<\/p>\n<p>&nbsp;<\/p>\n<blockquote><p><strong>Valores<\/strong><\/p><\/blockquote>\n<ul>\n<li>Capacidad: Recursos humanos altamente capacitados y confiables.<\/li>\n<\/ul>\n<ul>\n<li>Eficiencia: Mejor aprovechamiento del tiempo para la realizaci\u00f3n y desempe\u00f1o del deber.<\/li>\n<\/ul>\n<ul>\n<li>Transparencia: Transmitir informaci\u00f3n veraz, oportuna y confiable, que represente la imagen fiel del Ayuntamiento y de sus actividades.<\/li>\n<li>Compromiso: Nos comprometemos a cumplir con nuestros deberes, haci\u00e9ndonos responsables de nuestro trabajo, de nuestro comportamiento, de nuestra \u00e9tica laboral y de nuestras acciones.<\/li>\n<li>Integridad: Hacer sentir a los mun\u00edcipes que son parte de nosotros y por ende\u00a0 integrarlo a nuestras actividades.<\/li>\n<li>Crecimiento ordenado con respeto a la ley.<\/li>\n<\/ul>\n<\/blockquote>\n<blockquote>\n<h3><strong>Definici\u00f3n RAI<\/strong><\/h3>\n<\/blockquote>\n<p>El representante de Acceso a la Informaci\u00f3n, es el responsable de tramitar y facilitar las informaciones requeridas y de ser el canal de comunicaci\u00f3n entre la instituci\u00f3n, ciudadanos y ciudadanas.<\/p>\n<p>&nbsp;<\/p>\n<blockquote>\n<h3><strong>Proceso de Solicitud de Informaci\u00f3n:<\/strong><\/h3>\n<\/blockquote>\n<ul>\n<li>Completar el formulario de solicitud de informaci\u00f3n.<\/li>\n<li>Se procede a la revisi\u00f3n de dicho documento con la finalidad de verificar que est\u00e1 debidamente completada (o).<\/li>\n<li>Se hace entrega de acuse de recibo al solicitante.<\/li>\n<li>Seg\u00fan la complejidad de la informaci\u00f3n, se asigna una fecha de entrega.\u00a0En caso de no ser la \u00d3PTIC la entidad competente para ofrecer la informaci\u00f3n requerida, dicha solicitud se refiere a la instituci\u00f3n correspondiente y se le informa al solicitante, el curso que ha tomado su solicitud y la instituci\u00f3n destinataria.<\/li>\n<li>Seguimiento de la (s) solicitud (es) hasta confirmar que se ha suministrado la informaci\u00f3n.<\/li>\n<\/ul>\n<blockquote>\n<h3><strong>Contacto Responsable de Acceso a la Informaci\u00f3n<\/strong><\/h3>\n<\/blockquote>\n<p>Lic. Melvin M. Pe\u00f1a\u00a0\u00a0<b>Responsable de Acceso a la\u00a0<\/b><b>Informaci\u00f3n\u00a0<\/b><b>(RAI)<\/b><\/p>\n<p>Tel\u00e9fono: 849-884-0807<\/p>\n<p>Correo electr\u00f3nico:\u00a0 mpproduciones@hotmail.com<\/p>\n","protected":false},"excerpt":{"rendered":"La\u00a0Oficina\u00a0de\u00a0Acceso a la Informaci\u00f3n\u00a0(OAI), es un mandato de la Ley General de\u00a0Libre Acceso a la Informaci\u00f3n P\u00fablica\u00a0Ley 200-04 y el Decreto No. 130-05 que crea el reglamento de dicha ley, con el objetivo de apoyar a entidades y personas tanto\u00a0p\u00fablicas\u00a0como privadas mediante las informaciones solicitadas. La Oficina de Acceso a la Informaci\u00f3n (OAI), es un&#8230;","protected":false},"author":5,"featured_media":0,"parent":0,"menu_order":0,"comment_status":"closed","ping_status":"closed","template":"","meta":[],"acf":[],"_links":{"self":[{"href":"https:\/\/ayuntamientopunal.gob.do\/transparencia\/wp-json\/wp\/v2\/pages\/78"}],"collection":[{"href":"https:\/\/ayuntamientopunal.gob.do\/transparencia\/wp-json\/wp\/v2\/pages"}],"about":[{"href":"https:\/\/ayuntamientopunal.gob.do\/transparencia\/wp-json\/wp\/v2\/types\/page"}],"author":[{"embeddable":true,"href":"https:\/\/ayuntamientopunal.gob.do\/transparencia\/wp-json\/wp\/v2\/users\/5"}],"replies":[{"embeddable":true,"href":"https:\/\/ayuntamientopunal.gob.do\/transparencia\/wp-json\/wp\/v2\/comments?post=78"}],"version-history":[{"count":6,"href":"https:\/\/ayuntamientopunal.gob.do\/transparencia\/wp-json\/wp\/v2\/pages\/78\/revisions"}],"predecessor-version":[{"id":757,"href":"https:\/\/ayuntamientopunal.gob.do\/transparencia\/wp-json\/wp\/v2\/pages\/78\/revisions\/757"}],"wp:attachment":[{"href":"https:\/\/ayuntamientopunal.gob.do\/transparencia\/wp-json\/wp\/v2\/media?parent=78"}],"curies":[{"name":"wp","href":"https:\/\/api.w.org\/{rel}","templated":true}]}}